{"id":3995,"date":"2025-06-05T17:09:47","date_gmt":"2025-06-05T17:09:47","guid":{"rendered":"https:\/\/pmutreat.com\/?post_type=product&#038;p=3995"},"modified":"2025-06-11T13:26:51","modified_gmt":"2025-06-11T13:26:51","slug":"brow-gel-colored","status":"publish","type":"product","link":"https:\/\/pmutreat.com\/pt\/product\/brow-gel-colored\/","title":{"rendered":"Gel para sobrancelhas com cor - 5G"},"content":{"rendered":"<p class=\"p1\">Mergulhar o pincel no tubo e pentear as sobrancelhas no estilo desejado.<\/p>","protected":false},"excerpt":{"rendered":"<p class=\"p1\">O nosso gel para sobrancelhas com cor \u00e9 um gel para sobrancelhas 100% vegan e sem crueldade que d\u00e1 \u00e0s suas sobrancelhas a cor desejada e as mant\u00e9m na forma desejada durante todo o dia.<\/p>\n<p class=\"p1\">","protected":false},"featured_media":3965,"comment_status":"open","ping_status":"closed","template":"","meta":{"_acf_changed":false,"_monsterinsights_skip_tracking":false,"_monsterinsights_sitenote_active":false,"_monsterinsights_sitenote_note":"","_monsterinsights_sitenote_category":0,"_uf_show_specific_survey":0,"_uf_disable_surveys":false,"_joinchat":[]},"product_brand":[],"product_cat":[37],"product_tag":[],"class_list":{"0":"post-3995","1":"product","2":"type-product","3":"status-publish","4":"has-post-thumbnail","6":"product_cat-aftercare","8":"first","9":"instock","10":"shipping-taxable","11":"purchasable","12":"product-type-variable"},"acf":[],"aioseo_notices":[],"_links":{"self":[{"href":"https:\/\/pmutreat.com\/pt\/wp-json\/wp\/v2\/product\/3995","targetHints":{"allow":["GET"]}}],"collection":[{"href":"https:\/\/pmutreat.com\/pt\/wp-json\/wp\/v2\/product"}],"about":[{"href":"https:\/\/pmutreat.com\/pt\/wp-json\/wp\/v2\/types\/product"}],"replies":[{"embeddable":true,"href":"https:\/\/pmutreat.com\/pt\/wp-json\/wp\/v2\/comments?post=3995"}],"wp:featuredmedia":[{"embeddable":true,"href":"https:\/\/pmutreat.com\/pt\/wp-json\/wp\/v2\/media\/3965"}],"wp:attachment":[{"href":"https:\/\/pmutreat.com\/pt\/wp-json\/wp\/v2\/media?parent=3995"}],"wp:term":[{"taxonomy":"product_brand","embeddable":true,"href":"https:\/\/pmutreat.com\/pt\/wp-json\/wp\/v2\/product_brand?post=3995"},{"taxonomy":"product_cat","embeddable":true,"href":"https:\/\/pmutreat.com\/pt\/wp-json\/wp\/v2\/product_cat?post=3995"},{"taxonomy":"product_tag","embeddable":true,"href":"https:\/\/pmutreat.com\/pt\/wp-json\/wp\/v2\/product_tag?post=3995"}],"curies":[{"name":"wp","href":"https:\/\/api.w.org\/{rel}","templated":true}]}}