{"id":2890,"date":"2024-06-06T16:12:56","date_gmt":"2024-06-06T16:12:56","guid":{"rendered":"https:\/\/pmutreat.com\/?post_type=product&#038;p=2890"},"modified":"2025-06-05T17:08:59","modified_gmt":"2025-06-05T17:08:59","slug":"brow-gel-medium-brown","status":"publish","type":"product","link":"https:\/\/pmutreat.com\/pt\/product\/brow-gel-medium-brown\/","title":{"rendered":"Gel para sobrancelhas castanho m\u00e9dio"},"content":{"rendered":"<p>O nosso gel para sobrancelhas \u00e9 um produto 100% vegan e testado em animais que refor\u00e7a as sobrancelhas e as mant\u00e9m no estilo desejado durante todo o dia. Com a sua tonalidade castanha m\u00e9dia, tamb\u00e9m acrescenta alguma cor extra.<\/p>","protected":false},"excerpt":{"rendered":"<p>O nosso gel para sobrancelhas \u00e9 um produto 100% vegan e testado em animais que refor\u00e7a as sobrancelhas e as mant\u00e9m no estilo desejado durante todo o dia. Com a sua tonalidade castanha m\u00e9dia, tamb\u00e9m acrescenta alguma cor extra.<\/p>","protected":false},"featured_media":3965,"comment_status":"open","ping_status":"closed","template":"","meta":{"_acf_changed":false,"_monsterinsights_skip_tracking":false,"_monsterinsights_sitenote_active":false,"_monsterinsights_sitenote_note":"","_monsterinsights_sitenote_category":0,"_uf_show_specific_survey":0,"_uf_disable_surveys":false,"_joinchat":[]},"product_brand":[],"product_cat":[37],"product_tag":[],"class_list":{"0":"post-2890","1":"product","2":"type-product","3":"status-publish","4":"has-post-thumbnail","6":"product_cat-aftercare","8":"first","9":"instock","10":"shipping-taxable","11":"purchasable","12":"product-type-simple"},"acf":[],"aioseo_notices":[],"_links":{"self":[{"href":"https:\/\/pmutreat.com\/pt\/wp-json\/wp\/v2\/product\/2890","targetHints":{"allow":["GET"]}}],"collection":[{"href":"https:\/\/pmutreat.com\/pt\/wp-json\/wp\/v2\/product"}],"about":[{"href":"https:\/\/pmutreat.com\/pt\/wp-json\/wp\/v2\/types\/product"}],"replies":[{"embeddable":true,"href":"https:\/\/pmutreat.com\/pt\/wp-json\/wp\/v2\/comments?post=2890"}],"wp:featuredmedia":[{"embeddable":true,"href":"https:\/\/pmutreat.com\/pt\/wp-json\/wp\/v2\/media\/3965"}],"wp:attachment":[{"href":"https:\/\/pmutreat.com\/pt\/wp-json\/wp\/v2\/media?parent=2890"}],"wp:term":[{"taxonomy":"product_brand","embeddable":true,"href":"https:\/\/pmutreat.com\/pt\/wp-json\/wp\/v2\/product_brand?post=2890"},{"taxonomy":"product_cat","embeddable":true,"href":"https:\/\/pmutreat.com\/pt\/wp-json\/wp\/v2\/product_cat?post=2890"},{"taxonomy":"product_tag","embeddable":true,"href":"https:\/\/pmutreat.com\/pt\/wp-json\/wp\/v2\/product_tag?post=2890"}],"curies":[{"name":"wp","href":"https:\/\/api.w.org\/{rel}","templated":true}]}}