{"id":2886,"date":"2024-06-06T09:56:44","date_gmt":"2024-06-06T09:56:44","guid":{"rendered":"https:\/\/pmutreat.com\/?post_type=product&#038;p=2886"},"modified":"2025-06-11T13:26:09","modified_gmt":"2025-06-11T13:26:09","slug":"brow-gel-transparent","status":"publish","type":"product","link":"https:\/\/pmutreat.com\/pt\/product\/brow-gel-transparent\/","title":{"rendered":"Gel para sobrancelhas transparente - 5G"},"content":{"rendered":"<p class=\"p1\">Mergulhe o pincel no tubo e penteie os seus cabelos castanhos no estilo desejado.<\/p>","protected":false},"excerpt":{"rendered":"<p class=\"p1\">O nosso gel transparente para sobrancelhas \u00e9 uma cera para sobrancelhas 100%, vegan e sem crueldade, que real\u00e7a as suas sobrancelhas e as mant\u00e9m na forma desejada durante todo o dia.<\/p>","protected":false},"featured_media":3964,"comment_status":"open","ping_status":"closed","template":"","meta":{"_acf_changed":false,"_monsterinsights_skip_tracking":false,"_monsterinsights_sitenote_active":false,"_monsterinsights_sitenote_note":"","_monsterinsights_sitenote_category":0,"_uf_show_specific_survey":0,"_uf_disable_surveys":false,"_joinchat":[]},"product_brand":[],"product_cat":[37],"product_tag":[],"class_list":{"0":"post-2886","1":"product","2":"type-product","3":"status-publish","4":"has-post-thumbnail","6":"product_cat-aftercare","8":"first","9":"instock","10":"shipping-taxable","11":"purchasable","12":"product-type-simple"},"acf":[],"aioseo_notices":[],"_links":{"self":[{"href":"https:\/\/pmutreat.com\/pt\/wp-json\/wp\/v2\/product\/2886","targetHints":{"allow":["GET"]}}],"collection":[{"href":"https:\/\/pmutreat.com\/pt\/wp-json\/wp\/v2\/product"}],"about":[{"href":"https:\/\/pmutreat.com\/pt\/wp-json\/wp\/v2\/types\/product"}],"replies":[{"embeddable":true,"href":"https:\/\/pmutreat.com\/pt\/wp-json\/wp\/v2\/comments?post=2886"}],"wp:featuredmedia":[{"embeddable":true,"href":"https:\/\/pmutreat.com\/pt\/wp-json\/wp\/v2\/media\/3964"}],"wp:attachment":[{"href":"https:\/\/pmutreat.com\/pt\/wp-json\/wp\/v2\/media?parent=2886"}],"wp:term":[{"taxonomy":"product_brand","embeddable":true,"href":"https:\/\/pmutreat.com\/pt\/wp-json\/wp\/v2\/product_brand?post=2886"},{"taxonomy":"product_cat","embeddable":true,"href":"https:\/\/pmutreat.com\/pt\/wp-json\/wp\/v2\/product_cat?post=2886"},{"taxonomy":"product_tag","embeddable":true,"href":"https:\/\/pmutreat.com\/pt\/wp-json\/wp\/v2\/product_tag?post=2886"}],"curies":[{"name":"wp","href":"https:\/\/api.w.org\/{rel}","templated":true}]}}