{"id":2882,"date":"2024-06-06T09:39:46","date_gmt":"2024-06-06T09:39:46","guid":{"rendered":"https:\/\/pmutreat.com\/?post_type=product&#038;p=2882"},"modified":"2025-06-11T13:32:38","modified_gmt":"2025-06-11T13:32:38","slug":"foam","status":"publish","type":"product","link":"https:\/\/pmutreat.com\/pt\/product\/foam\/","title":{"rendered":"ESPUMA - 60ML"},"content":{"rendered":"<p class=\"p1\">Coloque a espuma nas suas m\u00e3os, aplique na \u00e1rea e limpe com \u00e1gua morna.<\/p>","protected":false},"excerpt":{"rendered":"<p class=\"p1\">A nossa espuma \u00e9 um produto vegan 100%. Pode ser utilizada para v\u00e1rios fins, como espuma de limpeza para o in\u00edcio da rotina de cuidados di\u00e1rios ou como produto de limpeza da maquilhagem. Para os artistas PMU, tamb\u00e9m pode ser utilizada durante o tratamento de maquilhagem permanente para remover tinta e sangue.<br \/>\nTamb\u00e9m pode ser utilizado para o doente limpar a \u00e1rea tratada nos dias ap\u00f3s o tratamento.<\/p>","protected":false},"featured_media":3903,"comment_status":"open","ping_status":"closed","template":"","meta":{"_acf_changed":false,"_monsterinsights_skip_tracking":false,"_monsterinsights_sitenote_active":false,"_monsterinsights_sitenote_note":"","_monsterinsights_sitenote_category":0,"_uf_show_specific_survey":0,"_uf_disable_surveys":false,"_joinchat":[]},"product_brand":[],"product_cat":[37],"product_tag":[],"class_list":{"0":"post-2882","1":"product","2":"type-product","3":"status-publish","4":"has-post-thumbnail","6":"product_cat-aftercare","8":"first","9":"instock","10":"shipping-taxable","11":"purchasable","12":"product-type-simple"},"acf":[],"aioseo_notices":[],"_links":{"self":[{"href":"https:\/\/pmutreat.com\/pt\/wp-json\/wp\/v2\/product\/2882","targetHints":{"allow":["GET"]}}],"collection":[{"href":"https:\/\/pmutreat.com\/pt\/wp-json\/wp\/v2\/product"}],"about":[{"href":"https:\/\/pmutreat.com\/pt\/wp-json\/wp\/v2\/types\/product"}],"replies":[{"embeddable":true,"href":"https:\/\/pmutreat.com\/pt\/wp-json\/wp\/v2\/comments?post=2882"}],"wp:featuredmedia":[{"embeddable":true,"href":"https:\/\/pmutreat.com\/pt\/wp-json\/wp\/v2\/media\/3903"}],"wp:attachment":[{"href":"https:\/\/pmutreat.com\/pt\/wp-json\/wp\/v2\/media?parent=2882"}],"wp:term":[{"taxonomy":"product_brand","embeddable":true,"href":"https:\/\/pmutreat.com\/pt\/wp-json\/wp\/v2\/product_brand?post=2882"},{"taxonomy":"product_cat","embeddable":true,"href":"https:\/\/pmutreat.com\/pt\/wp-json\/wp\/v2\/product_cat?post=2882"},{"taxonomy":"product_tag","embeddable":true,"href":"https:\/\/pmutreat.com\/pt\/wp-json\/wp\/v2\/product_tag?post=2882"}],"curies":[{"name":"wp","href":"https:\/\/api.w.org\/{rel}","templated":true}]}}