{"id":2731,"date":"2023-08-31T11:07:19","date_gmt":"2023-08-31T11:07:19","guid":{"rendered":"https:\/\/pmutreat.com\/?post_type=product&#038;p=2731"},"modified":"2025-06-11T13:06:51","modified_gmt":"2025-06-11T13:06:51","slug":"eyebrow-wax-15g","status":"publish","type":"product","link":"https:\/\/pmutreat.com\/pt\/product\/eyebrow-wax-15g\/","title":{"rendered":"Cera para sobrancelhas - 15G"},"content":{"rendered":"<p class=\"p1\">Mergulhar suavemente o pincel na cera para sobrancelhas. Retirar o excesso de produto no interior da tampa. Penteie os p\u00ealos das sobrancelhas com o pincel e d\u00ea-lhes a forma que desejar. Deixar secar durante algum tempo.<\/p>\n<p class=\"p1\">","protected":false},"excerpt":{"rendered":"<p class=\"p1\">A nossa cera para sobrancelhas transparente \u00e9 uma cera para sobrancelhas 100%, vegan e sem crueldade, que real\u00e7a as suas sobrancelhas e as mant\u00e9m na forma desejada durante todo o dia.<\/p>","protected":false},"featured_media":3907,"comment_status":"open","ping_status":"closed","template":"","meta":{"_acf_changed":false,"_monsterinsights_skip_tracking":false,"_monsterinsights_sitenote_active":false,"_monsterinsights_sitenote_note":"","_monsterinsights_sitenote_category":0,"_uf_show_specific_survey":0,"_uf_disable_surveys":false,"_joinchat":[]},"product_brand":[],"product_cat":[37],"product_tag":[],"class_list":{"0":"post-2731","1":"product","2":"type-product","3":"status-publish","4":"has-post-thumbnail","6":"product_cat-aftercare","8":"first","9":"instock","10":"shipping-taxable","11":"purchasable","12":"product-type-simple"},"acf":[],"aioseo_notices":[],"_links":{"self":[{"href":"https:\/\/pmutreat.com\/pt\/wp-json\/wp\/v2\/product\/2731","targetHints":{"allow":["GET"]}}],"collection":[{"href":"https:\/\/pmutreat.com\/pt\/wp-json\/wp\/v2\/product"}],"about":[{"href":"https:\/\/pmutreat.com\/pt\/wp-json\/wp\/v2\/types\/product"}],"replies":[{"embeddable":true,"href":"https:\/\/pmutreat.com\/pt\/wp-json\/wp\/v2\/comments?post=2731"}],"wp:featuredmedia":[{"embeddable":true,"href":"https:\/\/pmutreat.com\/pt\/wp-json\/wp\/v2\/media\/3907"}],"wp:attachment":[{"href":"https:\/\/pmutreat.com\/pt\/wp-json\/wp\/v2\/media?parent=2731"}],"wp:term":[{"taxonomy":"product_brand","embeddable":true,"href":"https:\/\/pmutreat.com\/pt\/wp-json\/wp\/v2\/product_brand?post=2731"},{"taxonomy":"product_cat","embeddable":true,"href":"https:\/\/pmutreat.com\/pt\/wp-json\/wp\/v2\/product_cat?post=2731"},{"taxonomy":"product_tag","embeddable":true,"href":"https:\/\/pmutreat.com\/pt\/wp-json\/wp\/v2\/product_tag?post=2731"}],"curies":[{"name":"wp","href":"https:\/\/api.w.org\/{rel}","templated":true}]}}