{"id":2725,"date":"2023-08-31T10:50:51","date_gmt":"2023-08-31T10:50:51","guid":{"rendered":"https:\/\/pmutreat.com\/?post_type=product&#038;p=2725"},"modified":"2025-06-25T12:43:33","modified_gmt":"2025-06-25T12:43:33","slug":"spf-stick","status":"publish","type":"product","link":"https:\/\/pmutreat.com\/pt\/product\/spf-stick\/","title":{"rendered":"Stick SPF - 5G"},"content":{"rendered":"<p class=\"p1\">Aplicar o stick 15 minutos antes de se expor ao sol.<\/p>","protected":false},"excerpt":{"rendered":"<p class=\"p1\">O nosso stick SPF 30 \u00e9 um produto para come\u00e7ar a utilizar quando a zona tratada estiver cicatrizada com os cuidados posteriores.<br \/>\nO stick SPF 30 \u00e9 um produto de manuten\u00e7\u00e3o para proteger os pigmentos dos raios UVA e UVB.<\/p>","protected":false},"featured_media":3908,"comment_status":"open","ping_status":"closed","template":"","meta":{"_acf_changed":false,"_monsterinsights_skip_tracking":false,"_monsterinsights_sitenote_active":false,"_monsterinsights_sitenote_note":"","_monsterinsights_sitenote_category":0,"_uf_show_specific_survey":0,"_uf_disable_surveys":false,"_joinchat":[]},"product_brand":[],"product_cat":[37,56],"product_tag":[],"class_list":{"0":"post-2725","1":"product","2":"type-product","3":"status-publish","4":"has-post-thumbnail","6":"product_cat-aftercare","7":"product_cat-spf-stick","9":"first","10":"instock","11":"shipping-taxable","12":"purchasable","13":"product-type-simple"},"acf":[],"aioseo_notices":[],"_links":{"self":[{"href":"https:\/\/pmutreat.com\/pt\/wp-json\/wp\/v2\/product\/2725","targetHints":{"allow":["GET"]}}],"collection":[{"href":"https:\/\/pmutreat.com\/pt\/wp-json\/wp\/v2\/product"}],"about":[{"href":"https:\/\/pmutreat.com\/pt\/wp-json\/wp\/v2\/types\/product"}],"replies":[{"embeddable":true,"href":"https:\/\/pmutreat.com\/pt\/wp-json\/wp\/v2\/comments?post=2725"}],"wp:featuredmedia":[{"embeddable":true,"href":"https:\/\/pmutreat.com\/pt\/wp-json\/wp\/v2\/media\/3908"}],"wp:attachment":[{"href":"https:\/\/pmutreat.com\/pt\/wp-json\/wp\/v2\/media?parent=2725"}],"wp:term":[{"taxonomy":"product_brand","embeddable":true,"href":"https:\/\/pmutreat.com\/pt\/wp-json\/wp\/v2\/product_brand?post=2725"},{"taxonomy":"product_cat","embeddable":true,"href":"https:\/\/pmutreat.com\/pt\/wp-json\/wp\/v2\/product_cat?post=2725"},{"taxonomy":"product_tag","embeddable":true,"href":"https:\/\/pmutreat.com\/pt\/wp-json\/wp\/v2\/product_tag?post=2725"}],"curies":[{"name":"wp","href":"https:\/\/api.w.org\/{rel}","templated":true}]}}