{"id":2526,"date":"2023-07-03T17:29:50","date_gmt":"2023-07-03T17:29:50","guid":{"rendered":"https:\/\/pmutreat.com\/?post_type=product&#038;p=2526"},"modified":"2025-06-04T20:23:47","modified_gmt":"2025-06-04T20:23:47","slug":"cleansing-foam","status":"publish","type":"product","link":"https:\/\/pmutreat.com\/pt\/product\/cleansing-foam\/","title":{"rendered":"Espuma de limpeza"},"content":{"rendered":"<p>Our aftercare is a 100% vegan product that you can start using 24 hours after treatment. It supports the skin&#8217;s regenerative capacity and keeps the colors in good condition. Use the product for 10-14 days after the treatment<\/p>","protected":false},"excerpt":{"rendered":"<p>Num futuro pr\u00f3ximo, estamos entusiasmados por acrescentar a nossa espuma de limpeza \u00e0 nossa gama de produtos. Esta espuma de limpeza de pH neutro estar\u00e1 dispon\u00edvel em 50 ml e 200 ml. Ambas as op\u00e7\u00f5es de embalagem estar\u00e3o dispon\u00edveis sob marca pr\u00f3pria, permitindo-lhe criar a sua pr\u00f3pria marca de produto! Isto j\u00e1 \u00e9 poss\u00edvel a partir de 50 unidades.<\/p>","protected":false},"featured_media":2635,"comment_status":"open","ping_status":"closed","template":"","meta":{"_acf_changed":false,"_monsterinsights_skip_tracking":false,"_monsterinsights_sitenote_active":false,"_monsterinsights_sitenote_note":"","_monsterinsights_sitenote_category":0,"_uf_show_specific_survey":0,"_uf_disable_surveys":false,"_joinchat":[]},"product_brand":[],"product_cat":[38],"product_tag":[],"class_list":{"0":"post-2526","1":"product","2":"type-product","3":"status-publish","4":"has-post-thumbnail","6":"product_cat-cleansing-foam","8":"first","9":"instock","10":"shipping-taxable","11":"purchasable","12":"product-type-simple"},"acf":[],"aioseo_notices":[],"_links":{"self":[{"href":"https:\/\/pmutreat.com\/pt\/wp-json\/wp\/v2\/product\/2526","targetHints":{"allow":["GET"]}}],"collection":[{"href":"https:\/\/pmutreat.com\/pt\/wp-json\/wp\/v2\/product"}],"about":[{"href":"https:\/\/pmutreat.com\/pt\/wp-json\/wp\/v2\/types\/product"}],"replies":[{"embeddable":true,"href":"https:\/\/pmutreat.com\/pt\/wp-json\/wp\/v2\/comments?post=2526"}],"wp:featuredmedia":[{"embeddable":true,"href":"https:\/\/pmutreat.com\/pt\/wp-json\/wp\/v2\/media\/2635"}],"wp:attachment":[{"href":"https:\/\/pmutreat.com\/pt\/wp-json\/wp\/v2\/media?parent=2526"}],"wp:term":[{"taxonomy":"product_brand","embeddable":true,"href":"https:\/\/pmutreat.com\/pt\/wp-json\/wp\/v2\/product_brand?post=2526"},{"taxonomy":"product_cat","embeddable":true,"href":"https:\/\/pmutreat.com\/pt\/wp-json\/wp\/v2\/product_cat?post=2526"},{"taxonomy":"product_tag","embeddable":true,"href":"https:\/\/pmutreat.com\/pt\/wp-json\/wp\/v2\/product_tag?post=2526"}],"curies":[{"name":"wp","href":"https:\/\/api.w.org\/{rel}","templated":true}]}}