{"id":4104,"date":"2025-07-01T07:55:58","date_gmt":"2025-07-01T07:55:58","guid":{"rendered":"https:\/\/pmutreat.com\/?post_type=product&#038;p=4104"},"modified":"2025-07-01T07:56:24","modified_gmt":"2025-07-01T07:56:24","slug":"brow-gel-taupe","status":"publish","type":"product","link":"https:\/\/pmutreat.com\/fr\/product\/brow-gel-taupe\/","title":{"rendered":"Gel \u00e0 sourcils taupe"},"content":{"rendered":"<p>Notre gel pour sourcils est un produit 100% v\u00e9g\u00e9talien, test\u00e9 sur les animaux, qui renforce les sourcils et les maintient dans le style souhait\u00e9 tout au long de la journ\u00e9e. Avec sa teinte brun moyen, il apporte \u00e9galement une touche de couleur suppl\u00e9mentaire.<\/p>","protected":false},"excerpt":{"rendered":"<p>Notre gel pour sourcils est un produit 100% v\u00e9g\u00e9talien, test\u00e9 sur les animaux, qui renforce les sourcils et les maintient dans le style souhait\u00e9 tout au long de la journ\u00e9e. Avec sa teinte brun moyen, il apporte \u00e9galement une touche de couleur suppl\u00e9mentaire.<\/p>","protected":false},"featured_media":3965,"comment_status":"open","ping_status":"closed","template":"","meta":{"_acf_changed":false,"_monsterinsights_skip_tracking":false,"_monsterinsights_sitenote_active":false,"_monsterinsights_sitenote_note":"","_monsterinsights_sitenote_category":0,"_uf_show_specific_survey":0,"_uf_disable_surveys":false,"_joinchat":[]},"product_brand":[],"product_cat":[36,37],"product_tag":[],"class_list":{"0":"post-4104","1":"product","2":"type-product","3":"status-publish","4":"has-post-thumbnail","6":"product_cat-sample-package","7":"product_cat-aftercare","9":"first","10":"instock","11":"shipping-taxable","12":"purchasable","13":"product-type-simple"},"acf":[],"aioseo_notices":[],"_links":{"self":[{"href":"https:\/\/pmutreat.com\/fr\/wp-json\/wp\/v2\/product\/4104","targetHints":{"allow":["GET"]}}],"collection":[{"href":"https:\/\/pmutreat.com\/fr\/wp-json\/wp\/v2\/product"}],"about":[{"href":"https:\/\/pmutreat.com\/fr\/wp-json\/wp\/v2\/types\/product"}],"replies":[{"embeddable":true,"href":"https:\/\/pmutreat.com\/fr\/wp-json\/wp\/v2\/comments?post=4104"}],"wp:featuredmedia":[{"embeddable":true,"href":"https:\/\/pmutreat.com\/fr\/wp-json\/wp\/v2\/media\/3965"}],"wp:attachment":[{"href":"https:\/\/pmutreat.com\/fr\/wp-json\/wp\/v2\/media?parent=4104"}],"wp:term":[{"taxonomy":"product_brand","embeddable":true,"href":"https:\/\/pmutreat.com\/fr\/wp-json\/wp\/v2\/product_brand?post=4104"},{"taxonomy":"product_cat","embeddable":true,"href":"https:\/\/pmutreat.com\/fr\/wp-json\/wp\/v2\/product_cat?post=4104"},{"taxonomy":"product_tag","embeddable":true,"href":"https:\/\/pmutreat.com\/fr\/wp-json\/wp\/v2\/product_tag?post=4104"}],"curies":[{"name":"wp","href":"https:\/\/api.w.org\/{rel}","templated":true}]}}