{"id":4003,"date":"2025-06-05T17:39:27","date_gmt":"2025-06-05T17:39:27","guid":{"rendered":"https:\/\/pmutreat.com\/?post_type=product&#038;p=4003"},"modified":"2025-06-11T13:31:54","modified_gmt":"2025-06-11T13:31:54","slug":"brow-pen-colored","status":"publish","type":"product","link":"https:\/\/pmutreat.com\/fr\/product\/brow-pen-colored\/","title":{"rendered":"Stylo \u00e0 sourcils color\u00e9 - 5G"},"content":{"rendered":"<p class=\"p1\">Tournez doucement le stylo et dessinez des traits en forme de cheveux. Utilisez la bobine pour le coiffer.<\/p>","protected":false},"excerpt":{"rendered":"<p class=\"p1\">Notre stylo \u00e0 sourcils est un stylo \u00e0 sourcils 100% vegan, cruelty free, avec un pigment \u00e9lev\u00e9 et une pointe fine pour des sourcils parfaitement d\u00e9finis. La bobine de l'autre c\u00f4t\u00e9 permet d'estomper la couleur pour un r\u00e9sultat naturel.<\/p>","protected":false},"featured_media":3739,"comment_status":"open","ping_status":"closed","template":"","meta":{"_acf_changed":false,"_monsterinsights_skip_tracking":false,"_monsterinsights_sitenote_active":false,"_monsterinsights_sitenote_note":"","_monsterinsights_sitenote_category":0,"_uf_show_specific_survey":0,"_uf_disable_surveys":false,"_joinchat":[]},"product_brand":[],"product_cat":[37],"product_tag":[],"class_list":{"0":"post-4003","1":"product","2":"type-product","3":"status-publish","4":"has-post-thumbnail","6":"product_cat-aftercare","8":"first","9":"instock","10":"shipping-taxable","11":"purchasable","12":"product-type-variable"},"acf":[],"aioseo_notices":[],"_links":{"self":[{"href":"https:\/\/pmutreat.com\/fr\/wp-json\/wp\/v2\/product\/4003","targetHints":{"allow":["GET"]}}],"collection":[{"href":"https:\/\/pmutreat.com\/fr\/wp-json\/wp\/v2\/product"}],"about":[{"href":"https:\/\/pmutreat.com\/fr\/wp-json\/wp\/v2\/types\/product"}],"replies":[{"embeddable":true,"href":"https:\/\/pmutreat.com\/fr\/wp-json\/wp\/v2\/comments?post=4003"}],"wp:featuredmedia":[{"embeddable":true,"href":"https:\/\/pmutreat.com\/fr\/wp-json\/wp\/v2\/media\/3739"}],"wp:attachment":[{"href":"https:\/\/pmutreat.com\/fr\/wp-json\/wp\/v2\/media?parent=4003"}],"wp:term":[{"taxonomy":"product_brand","embeddable":true,"href":"https:\/\/pmutreat.com\/fr\/wp-json\/wp\/v2\/product_brand?post=4003"},{"taxonomy":"product_cat","embeddable":true,"href":"https:\/\/pmutreat.com\/fr\/wp-json\/wp\/v2\/product_cat?post=4003"},{"taxonomy":"product_tag","embeddable":true,"href":"https:\/\/pmutreat.com\/fr\/wp-json\/wp\/v2\/product_tag?post=4003"}],"curies":[{"name":"wp","href":"https:\/\/api.w.org\/{rel}","templated":true}]}}