{"id":3995,"date":"2025-06-05T17:09:47","date_gmt":"2025-06-05T17:09:47","guid":{"rendered":"https:\/\/pmutreat.com\/?post_type=product&#038;p=3995"},"modified":"2025-06-11T13:26:51","modified_gmt":"2025-06-11T13:26:51","slug":"brow-gel-colored","status":"publish","type":"product","link":"https:\/\/pmutreat.com\/fr\/product\/brow-gel-colored\/","title":{"rendered":"Gel \u00e0 sourcils color\u00e9 - 5G"},"content":{"rendered":"<p class=\"p1\">Trempez la brosse dans le tube et coiffez vos sourcils selon le style d\u00e9sir\u00e9.<\/p>","protected":false},"excerpt":{"rendered":"<p class=\"p1\">Notre gel color\u00e9 pour les sourcils est un gel pour les sourcils 100% vegan et cruelty free qui donne \u00e0 vos sourcils la coloration souhait\u00e9e et les maintient dans la forme souhait\u00e9e pendant toute la journ\u00e9e.<\/p>\n<p class=\"p1\">","protected":false},"featured_media":3965,"comment_status":"open","ping_status":"closed","template":"","meta":{"_acf_changed":false,"_monsterinsights_skip_tracking":false,"_monsterinsights_sitenote_active":false,"_monsterinsights_sitenote_note":"","_monsterinsights_sitenote_category":0,"_uf_show_specific_survey":0,"_uf_disable_surveys":false,"_joinchat":[]},"product_brand":[],"product_cat":[37],"product_tag":[],"class_list":{"0":"post-3995","1":"product","2":"type-product","3":"status-publish","4":"has-post-thumbnail","6":"product_cat-aftercare","8":"first","9":"instock","10":"shipping-taxable","11":"purchasable","12":"product-type-variable"},"acf":[],"aioseo_notices":[],"_links":{"self":[{"href":"https:\/\/pmutreat.com\/fr\/wp-json\/wp\/v2\/product\/3995","targetHints":{"allow":["GET"]}}],"collection":[{"href":"https:\/\/pmutreat.com\/fr\/wp-json\/wp\/v2\/product"}],"about":[{"href":"https:\/\/pmutreat.com\/fr\/wp-json\/wp\/v2\/types\/product"}],"replies":[{"embeddable":true,"href":"https:\/\/pmutreat.com\/fr\/wp-json\/wp\/v2\/comments?post=3995"}],"wp:featuredmedia":[{"embeddable":true,"href":"https:\/\/pmutreat.com\/fr\/wp-json\/wp\/v2\/media\/3965"}],"wp:attachment":[{"href":"https:\/\/pmutreat.com\/fr\/wp-json\/wp\/v2\/media?parent=3995"}],"wp:term":[{"taxonomy":"product_brand","embeddable":true,"href":"https:\/\/pmutreat.com\/fr\/wp-json\/wp\/v2\/product_brand?post=3995"},{"taxonomy":"product_cat","embeddable":true,"href":"https:\/\/pmutreat.com\/fr\/wp-json\/wp\/v2\/product_cat?post=3995"},{"taxonomy":"product_tag","embeddable":true,"href":"https:\/\/pmutreat.com\/fr\/wp-json\/wp\/v2\/product_tag?post=3995"}],"curies":[{"name":"wp","href":"https:\/\/api.w.org\/{rel}","templated":true}]}}