{"id":3030,"date":"2025-02-03T14:00:54","date_gmt":"2025-02-03T14:00:54","guid":{"rendered":"https:\/\/pmutreat.com\/?post_type=product&#038;p=3030"},"modified":"2025-06-20T09:14:07","modified_gmt":"2025-06-20T09:14:07","slug":"brow-pen-medium-brown","status":"publish","type":"product","link":"https:\/\/pmutreat.com\/fr\/product\/brow-pen-medium-brown\/","title":{"rendered":"Stylo \u00e0 sourcils brun moyen"},"content":{"rendered":"<p>Ingr\u00e9dientsR\u00e9alisez des sourcils parfaitement d\u00e9finis avec notre crayon \u00e0 sourcils ultrafin. La pointe fine cr\u00e9e des lignes pr\u00e9cises, semblables \u00e0 des cheveux, pour un look naturel, tandis que la formule lisse et ferme reste en place toute la journ\u00e9e. Parfait pour dessiner, remplir et mettre en valeur les sourcils en toute simplicit\u00e9.<\/p>","protected":false},"excerpt":{"rendered":"<p>Ingr\u00e9dientsR\u00e9alisez des sourcils parfaitement d\u00e9finis avec notre crayon \u00e0 sourcils ultrafin. La pointe fine cr\u00e9e des lignes pr\u00e9cises, semblables \u00e0 des cheveux, pour un look naturel, tandis que la formule lisse et ferme reste en place toute la journ\u00e9e. Parfait pour dessiner, remplir et mettre en valeur les sourcils en toute simplicit\u00e9.<\/p>","protected":false},"featured_media":3739,"comment_status":"open","ping_status":"closed","template":"","meta":{"_acf_changed":false,"_monsterinsights_skip_tracking":false,"_monsterinsights_sitenote_active":false,"_monsterinsights_sitenote_note":"","_monsterinsights_sitenote_category":0,"_uf_show_specific_survey":0,"_uf_disable_surveys":false,"_joinchat":[]},"product_brand":[],"product_cat":[37],"product_tag":[],"class_list":{"0":"post-3030","1":"product","2":"type-product","3":"status-publish","4":"has-post-thumbnail","6":"product_cat-aftercare","8":"first","9":"instock","10":"shipping-taxable","11":"purchasable","12":"product-type-simple"},"acf":[],"aioseo_notices":[],"_links":{"self":[{"href":"https:\/\/pmutreat.com\/fr\/wp-json\/wp\/v2\/product\/3030","targetHints":{"allow":["GET"]}}],"collection":[{"href":"https:\/\/pmutreat.com\/fr\/wp-json\/wp\/v2\/product"}],"about":[{"href":"https:\/\/pmutreat.com\/fr\/wp-json\/wp\/v2\/types\/product"}],"replies":[{"embeddable":true,"href":"https:\/\/pmutreat.com\/fr\/wp-json\/wp\/v2\/comments?post=3030"}],"wp:featuredmedia":[{"embeddable":true,"href":"https:\/\/pmutreat.com\/fr\/wp-json\/wp\/v2\/media\/3739"}],"wp:attachment":[{"href":"https:\/\/pmutreat.com\/fr\/wp-json\/wp\/v2\/media?parent=3030"}],"wp:term":[{"taxonomy":"product_brand","embeddable":true,"href":"https:\/\/pmutreat.com\/fr\/wp-json\/wp\/v2\/product_brand?post=3030"},{"taxonomy":"product_cat","embeddable":true,"href":"https:\/\/pmutreat.com\/fr\/wp-json\/wp\/v2\/product_cat?post=3030"},{"taxonomy":"product_tag","embeddable":true,"href":"https:\/\/pmutreat.com\/fr\/wp-json\/wp\/v2\/product_tag?post=3030"}],"curies":[{"name":"wp","href":"https:\/\/api.w.org\/{rel}","templated":true}]}}