{"id":3027,"date":"2025-02-03T13:49:23","date_gmt":"2025-02-03T13:49:23","guid":{"rendered":"https:\/\/pmutreat.com\/?post_type=product&#038;p=3027"},"modified":"2025-06-04T20:57:00","modified_gmt":"2025-06-04T20:57:00","slug":"brow-gel-soft-brown","status":"publish","type":"product","link":"https:\/\/pmutreat.com\/fr\/product\/brow-gel-soft-brown\/","title":{"rendered":"Gel \u00e0 sourcils brun doux"},"content":{"rendered":"<p>Notre gel pour sourcils est un produit 100% v\u00e9g\u00e9talien, test\u00e9 sur les animaux, qui renforce les sourcils et les maintient dans le style souhait\u00e9 tout au long de la journ\u00e9e. Avec sa douce teinte brune, il apporte \u00e9galement une touche de couleur suppl\u00e9mentaire.<\/p>","protected":false},"excerpt":{"rendered":"<p>Notre gel pour sourcils est un produit 100% v\u00e9g\u00e9talien, test\u00e9 sur les animaux, qui renforce les sourcils et les maintient dans le style souhait\u00e9 tout au long de la journ\u00e9e. Avec sa douce teinte brune, il apporte \u00e9galement une touche de couleur suppl\u00e9mentaire.<\/p>","protected":false},"featured_media":3965,"comment_status":"open","ping_status":"closed","template":"","meta":{"_acf_changed":false,"_monsterinsights_skip_tracking":false,"_monsterinsights_sitenote_active":false,"_monsterinsights_sitenote_note":"","_monsterinsights_sitenote_category":0,"_uf_show_specific_survey":0,"_uf_disable_surveys":false,"_joinchat":[]},"product_brand":[],"product_cat":[37],"product_tag":[],"class_list":{"0":"post-3027","1":"product","2":"type-product","3":"status-publish","4":"has-post-thumbnail","6":"product_cat-aftercare","8":"first","9":"instock","10":"shipping-taxable","11":"purchasable","12":"product-type-simple"},"acf":[],"aioseo_notices":[],"_links":{"self":[{"href":"https:\/\/pmutreat.com\/fr\/wp-json\/wp\/v2\/product\/3027","targetHints":{"allow":["GET"]}}],"collection":[{"href":"https:\/\/pmutreat.com\/fr\/wp-json\/wp\/v2\/product"}],"about":[{"href":"https:\/\/pmutreat.com\/fr\/wp-json\/wp\/v2\/types\/product"}],"replies":[{"embeddable":true,"href":"https:\/\/pmutreat.com\/fr\/wp-json\/wp\/v2\/comments?post=3027"}],"wp:featuredmedia":[{"embeddable":true,"href":"https:\/\/pmutreat.com\/fr\/wp-json\/wp\/v2\/media\/3965"}],"wp:attachment":[{"href":"https:\/\/pmutreat.com\/fr\/wp-json\/wp\/v2\/media?parent=3027"}],"wp:term":[{"taxonomy":"product_brand","embeddable":true,"href":"https:\/\/pmutreat.com\/fr\/wp-json\/wp\/v2\/product_brand?post=3027"},{"taxonomy":"product_cat","embeddable":true,"href":"https:\/\/pmutreat.com\/fr\/wp-json\/wp\/v2\/product_cat?post=3027"},{"taxonomy":"product_tag","embeddable":true,"href":"https:\/\/pmutreat.com\/fr\/wp-json\/wp\/v2\/product_tag?post=3027"}],"curies":[{"name":"wp","href":"https:\/\/api.w.org\/{rel}","templated":true}]}}