{"id":2882,"date":"2024-06-06T09:39:46","date_gmt":"2024-06-06T09:39:46","guid":{"rendered":"https:\/\/pmutreat.com\/?post_type=product&#038;p=2882"},"modified":"2025-06-11T13:32:38","modified_gmt":"2025-06-11T13:32:38","slug":"foam","status":"publish","type":"product","link":"https:\/\/pmutreat.com\/fr\/product\/foam\/","title":{"rendered":"MOUSSE - 60ML"},"content":{"rendered":"<p class=\"p1\">Verser la mousse dans les mains, appliquer sur la zone concern\u00e9e et nettoyer \u00e0 l'eau ti\u00e8de.<\/p>","protected":false},"excerpt":{"rendered":"<p class=\"p1\">Notre mousse est un produit v\u00e9g\u00e9talien 100%. Elle peut \u00eatre utilis\u00e9e \u00e0 diverses fins, comme mousse nettoyante pour le d\u00e9but de votre routine de soins de jour ou comme nettoyant pour le maquillage. Pour les artistes PMU, elle peut \u00e9galement \u00eatre utilis\u00e9e pendant le traitement de maquillage permanent pour enlever l'encre et le sang.<br \/>\nIl peut \u00e9galement \u00eatre utilis\u00e9 par le patient pour nettoyer la zone trait\u00e9e dans les jours qui suivent le traitement.<\/p>","protected":false},"featured_media":3903,"comment_status":"open","ping_status":"closed","template":"","meta":{"_acf_changed":false,"_monsterinsights_skip_tracking":false,"_monsterinsights_sitenote_active":false,"_monsterinsights_sitenote_note":"","_monsterinsights_sitenote_category":0,"_uf_show_specific_survey":0,"_uf_disable_surveys":false,"_joinchat":[]},"product_brand":[],"product_cat":[37],"product_tag":[],"class_list":{"0":"post-2882","1":"product","2":"type-product","3":"status-publish","4":"has-post-thumbnail","6":"product_cat-aftercare","8":"first","9":"instock","10":"shipping-taxable","11":"purchasable","12":"product-type-simple"},"acf":[],"aioseo_notices":[],"_links":{"self":[{"href":"https:\/\/pmutreat.com\/fr\/wp-json\/wp\/v2\/product\/2882","targetHints":{"allow":["GET"]}}],"collection":[{"href":"https:\/\/pmutreat.com\/fr\/wp-json\/wp\/v2\/product"}],"about":[{"href":"https:\/\/pmutreat.com\/fr\/wp-json\/wp\/v2\/types\/product"}],"replies":[{"embeddable":true,"href":"https:\/\/pmutreat.com\/fr\/wp-json\/wp\/v2\/comments?post=2882"}],"wp:featuredmedia":[{"embeddable":true,"href":"https:\/\/pmutreat.com\/fr\/wp-json\/wp\/v2\/media\/3903"}],"wp:attachment":[{"href":"https:\/\/pmutreat.com\/fr\/wp-json\/wp\/v2\/media?parent=2882"}],"wp:term":[{"taxonomy":"product_brand","embeddable":true,"href":"https:\/\/pmutreat.com\/fr\/wp-json\/wp\/v2\/product_brand?post=2882"},{"taxonomy":"product_cat","embeddable":true,"href":"https:\/\/pmutreat.com\/fr\/wp-json\/wp\/v2\/product_cat?post=2882"},{"taxonomy":"product_tag","embeddable":true,"href":"https:\/\/pmutreat.com\/fr\/wp-json\/wp\/v2\/product_tag?post=2882"}],"curies":[{"name":"wp","href":"https:\/\/api.w.org\/{rel}","templated":true}]}}