{"id":2731,"date":"2023-08-31T11:07:19","date_gmt":"2023-08-31T11:07:19","guid":{"rendered":"https:\/\/pmutreat.com\/?post_type=product&#038;p=2731"},"modified":"2025-06-11T13:06:51","modified_gmt":"2025-06-11T13:06:51","slug":"eyebrow-wax-15g","status":"publish","type":"product","link":"https:\/\/pmutreat.com\/fr\/product\/eyebrow-wax-15g\/","title":{"rendered":"Cire \u00e0 sourcils - 15G"},"content":{"rendered":"<p class=\"p1\">Trempez d\u00e9licatement la brosse dans la cire \u00e0 sourcils. Retirez l'exc\u00e9dent de produit \u00e0 l'int\u00e9rieur du capuchon. Passez la brosse dans les poils de vos sourcils et dessinez vos sourcils comme vous le souhaitez. Laissez s\u00e9cher quelques instants.<\/p>\n<p class=\"p1\">","protected":false},"excerpt":{"rendered":"<p class=\"p1\">Notre cire \u00e0 sourcils transparente est une cire \u00e0 sourcils 100% v\u00e9g\u00e9talienne et sans cruaut\u00e9 qui donne de l'\u00e9lan \u00e0 vos sourcils et les maintient dans la forme souhait\u00e9e pendant toute la journ\u00e9e.<\/p>","protected":false},"featured_media":3907,"comment_status":"open","ping_status":"closed","template":"","meta":{"_acf_changed":false,"_monsterinsights_skip_tracking":false,"_monsterinsights_sitenote_active":false,"_monsterinsights_sitenote_note":"","_monsterinsights_sitenote_category":0,"_uf_show_specific_survey":0,"_uf_disable_surveys":false,"_joinchat":[]},"product_brand":[],"product_cat":[37],"product_tag":[],"class_list":{"0":"post-2731","1":"product","2":"type-product","3":"status-publish","4":"has-post-thumbnail","6":"product_cat-aftercare","8":"first","9":"instock","10":"shipping-taxable","11":"purchasable","12":"product-type-simple"},"acf":[],"aioseo_notices":[],"_links":{"self":[{"href":"https:\/\/pmutreat.com\/fr\/wp-json\/wp\/v2\/product\/2731","targetHints":{"allow":["GET"]}}],"collection":[{"href":"https:\/\/pmutreat.com\/fr\/wp-json\/wp\/v2\/product"}],"about":[{"href":"https:\/\/pmutreat.com\/fr\/wp-json\/wp\/v2\/types\/product"}],"replies":[{"embeddable":true,"href":"https:\/\/pmutreat.com\/fr\/wp-json\/wp\/v2\/comments?post=2731"}],"wp:featuredmedia":[{"embeddable":true,"href":"https:\/\/pmutreat.com\/fr\/wp-json\/wp\/v2\/media\/3907"}],"wp:attachment":[{"href":"https:\/\/pmutreat.com\/fr\/wp-json\/wp\/v2\/media?parent=2731"}],"wp:term":[{"taxonomy":"product_brand","embeddable":true,"href":"https:\/\/pmutreat.com\/fr\/wp-json\/wp\/v2\/product_brand?post=2731"},{"taxonomy":"product_cat","embeddable":true,"href":"https:\/\/pmutreat.com\/fr\/wp-json\/wp\/v2\/product_cat?post=2731"},{"taxonomy":"product_tag","embeddable":true,"href":"https:\/\/pmutreat.com\/fr\/wp-json\/wp\/v2\/product_tag?post=2731"}],"curies":[{"name":"wp","href":"https:\/\/api.w.org\/{rel}","templated":true}]}}