{"id":2472,"date":"2023-06-14T10:20:29","date_gmt":"2023-06-14T10:20:29","guid":{"rendered":"https:\/\/pmutreat.com\/?post_type=product&#038;p=2472"},"modified":"2025-06-11T13:37:13","modified_gmt":"2025-06-11T13:37:13","slug":"after-care","status":"publish","type":"product","link":"https:\/\/pmutreat.com\/fr\/product\/after-care\/","title":{"rendered":"Soins apr\u00e8s-vente - 30ML"},"content":{"rendered":"<p class=\"p1\">Appliquer une fine couche sur la zone trait\u00e9e. Utiliser le produit pendant 10 \u00e0 14 jours apr\u00e8s le traitement.<\/p>","protected":false},"excerpt":{"rendered":"<div class=\"page\" title=\"Page 4\">\n<div class=\"layoutArea\">\n<div class=\"column\">\n<p class=\"p1\">Notre soin apr\u00e8s-vente est un produit 100% vegan et cruelty free \u00e0 utiliser d\u00e8s que la feuille est retir\u00e9e. Il soutient la capacit\u00e9 de r\u00e9g\u00e9n\u00e9ration de la peau et maintient les couleurs en bon \u00e9tat.<\/p>\n<\/div>\n<\/div>\n<\/div>","protected":false},"featured_media":2644,"comment_status":"open","ping_status":"closed","template":"","meta":{"_acf_changed":false,"_monsterinsights_skip_tracking":false,"_monsterinsights_sitenote_active":false,"_monsterinsights_sitenote_note":"","_monsterinsights_sitenote_category":0,"_uf_show_specific_survey":0,"_uf_disable_surveys":false,"_joinchat":[]},"product_brand":[],"product_cat":[37],"product_tag":[],"class_list":{"0":"post-2472","1":"product","2":"type-product","3":"status-publish","4":"has-post-thumbnail","6":"product_cat-aftercare","8":"first","9":"instock","10":"sold-individually","11":"shipping-taxable","12":"purchasable","13":"product-type-simple"},"acf":[],"aioseo_notices":[],"_links":{"self":[{"href":"https:\/\/pmutreat.com\/fr\/wp-json\/wp\/v2\/product\/2472","targetHints":{"allow":["GET"]}}],"collection":[{"href":"https:\/\/pmutreat.com\/fr\/wp-json\/wp\/v2\/product"}],"about":[{"href":"https:\/\/pmutreat.com\/fr\/wp-json\/wp\/v2\/types\/product"}],"replies":[{"embeddable":true,"href":"https:\/\/pmutreat.com\/fr\/wp-json\/wp\/v2\/comments?post=2472"}],"wp:featuredmedia":[{"embeddable":true,"href":"https:\/\/pmutreat.com\/fr\/wp-json\/wp\/v2\/media\/2644"}],"wp:attachment":[{"href":"https:\/\/pmutreat.com\/fr\/wp-json\/wp\/v2\/media?parent=2472"}],"wp:term":[{"taxonomy":"product_brand","embeddable":true,"href":"https:\/\/pmutreat.com\/fr\/wp-json\/wp\/v2\/product_brand?post=2472"},{"taxonomy":"product_cat","embeddable":true,"href":"https:\/\/pmutreat.com\/fr\/wp-json\/wp\/v2\/product_cat?post=2472"},{"taxonomy":"product_tag","embeddable":true,"href":"https:\/\/pmutreat.com\/fr\/wp-json\/wp\/v2\/product_tag?post=2472"}],"curies":[{"name":"wp","href":"https:\/\/api.w.org\/{rel}","templated":true}]}}