{"id":2819,"date":"2023-09-14T04:23:31","date_gmt":"2023-09-14T04:23:31","guid":{"rendered":"https:\/\/pmutreat.com\/?post_type=product&#038;p=2819"},"modified":"2026-01-15T10:53:30","modified_gmt":"2026-01-15T10:53:30","slug":"sample-package","status":"publish","type":"product","link":"https:\/\/pmutreat.com\/de\/product\/sample-package\/","title":{"rendered":"Musterpaket"},"content":{"rendered":"<p>Alle diese Produkte sind mit dem Design Ihres Studios anpassbar!<\/p>","protected":false},"excerpt":{"rendered":"<div class=\"page\" title=\"Seite 4\">\n<div class=\"layoutArea\">\n<div class=\"column\">\n<div class=\"page\" title=\"Seite 4\">\n<div class=\"layoutArea\">\n<p>Wir m\u00f6chten Sie gerne von der Qualit\u00e4t unserer Produkte \u00fcberzeugen und begeistern. Mit einem Musterpaket erhalten Sie Proben unserer verschiedenen Verpackungsm\u00f6glichkeiten. Das Musterpaket beinhaltet:<\/p>\n<ul>\n<li class=\"li1\">Augenbrauenwachs<\/li>\n<li class=\"li1\">Brauengel transparent<\/li>\n<li class=\"li1\">Brauengel taupe<\/li>\n<li class=\"li1\">Brauengel weiches Braun<\/li>\n<li class=\"li1\">Brauengel mittelbraun<\/li>\n<li class=\"li1\">Brauengel dunkelbraun<\/li>\n<li class=\"li1\">Brauenstift weiches Braun<\/li>\n<li class=\"li1\">Brauenstift mittelbraun<\/li>\n<li class=\"li1\">SPF-Stift wei\u00df<\/li>\n<li class=\"li1\">SCHAUM 60ML<\/li>\n<li class=\"li1\">Nachsorge 30ML<\/li>\n<\/ul>\n<\/div>\n<\/div>\n<\/div>\n<\/div>\n<\/div>","protected":false},"featured_media":3740,"comment_status":"open","ping_status":"closed","template":"","meta":{"_acf_changed":false,"_monsterinsights_skip_tracking":false,"_monsterinsights_sitenote_active":false,"_monsterinsights_sitenote_note":"","_monsterinsights_sitenote_category":0,"_uf_show_specific_survey":0,"_uf_disable_surveys":false,"_joinchat":[]},"product_brand":[],"product_cat":[36],"product_tag":[],"class_list":{"0":"post-2819","1":"product","2":"type-product","3":"status-publish","4":"has-post-thumbnail","6":"product_cat-sample-package","8":"first","9":"instock","10":"sold-individually","11":"shipping-taxable","12":"purchasable","13":"product-type-simple"},"acf":[],"aioseo_notices":[],"_links":{"self":[{"href":"https:\/\/pmutreat.com\/de\/wp-json\/wp\/v2\/product\/2819","targetHints":{"allow":["GET"]}}],"collection":[{"href":"https:\/\/pmutreat.com\/de\/wp-json\/wp\/v2\/product"}],"about":[{"href":"https:\/\/pmutreat.com\/de\/wp-json\/wp\/v2\/types\/product"}],"replies":[{"embeddable":true,"href":"https:\/\/pmutreat.com\/de\/wp-json\/wp\/v2\/comments?post=2819"}],"wp:featuredmedia":[{"embeddable":true,"href":"https:\/\/pmutreat.com\/de\/wp-json\/wp\/v2\/media\/3740"}],"wp:attachment":[{"href":"https:\/\/pmutreat.com\/de\/wp-json\/wp\/v2\/media?parent=2819"}],"wp:term":[{"taxonomy":"product_brand","embeddable":true,"href":"https:\/\/pmutreat.com\/de\/wp-json\/wp\/v2\/product_brand?post=2819"},{"taxonomy":"product_cat","embeddable":true,"href":"https:\/\/pmutreat.com\/de\/wp-json\/wp\/v2\/product_cat?post=2819"},{"taxonomy":"product_tag","embeddable":true,"href":"https:\/\/pmutreat.com\/de\/wp-json\/wp\/v2\/product_tag?post=2819"}],"curies":[{"name":"wp","href":"https:\/\/api.w.org\/{rel}","templated":true}]}}