{"id":2731,"date":"2023-08-31T11:07:19","date_gmt":"2023-08-31T11:07:19","guid":{"rendered":"https:\/\/pmutreat.com\/?post_type=product&#038;p=2731"},"modified":"2025-06-11T13:06:51","modified_gmt":"2025-06-11T13:06:51","slug":"eyebrow-wax-15g","status":"publish","type":"product","link":"https:\/\/pmutreat.com\/de\/product\/eyebrow-wax-15g\/","title":{"rendered":"Augenbrauenwachs - 15G"},"content":{"rendered":"<p class=\"p1\">Tauchen Sie den Pinsel vorsichtig in das Augenbrauenwachs ein. Entfernen Sie \u00fcbersch\u00fcssiges Produkt an der Innenseite der Kappe. K\u00e4mmen Sie mit dem B\u00fcrstchen durch Ihre Augenbrauenh\u00e4rchen und formen Sie Ihre Augenbrauen nach Belieben. Eine Weile trocknen lassen.<\/p>\n<p class=\"p1\">","protected":false},"excerpt":{"rendered":"<p class=\"p1\">Unser transparentes Augenbrauenwachs 100% ist ein veganes, tierversuchsfreies Augenbrauenwachs, das Ihre Augenbrauen st\u00e4rkt und sie den ganzen Tag \u00fcber in der gew\u00fcnschten Form h\u00e4lt.<\/p>","protected":false},"featured_media":3907,"comment_status":"open","ping_status":"closed","template":"","meta":{"_acf_changed":false,"_monsterinsights_skip_tracking":false,"_monsterinsights_sitenote_active":false,"_monsterinsights_sitenote_note":"","_monsterinsights_sitenote_category":0,"_uf_show_specific_survey":0,"_uf_disable_surveys":false,"_joinchat":[]},"product_brand":[],"product_cat":[37],"product_tag":[],"class_list":{"0":"post-2731","1":"product","2":"type-product","3":"status-publish","4":"has-post-thumbnail","6":"product_cat-aftercare","8":"first","9":"instock","10":"shipping-taxable","11":"purchasable","12":"product-type-simple"},"acf":[],"aioseo_notices":[],"_links":{"self":[{"href":"https:\/\/pmutreat.com\/de\/wp-json\/wp\/v2\/product\/2731","targetHints":{"allow":["GET"]}}],"collection":[{"href":"https:\/\/pmutreat.com\/de\/wp-json\/wp\/v2\/product"}],"about":[{"href":"https:\/\/pmutreat.com\/de\/wp-json\/wp\/v2\/types\/product"}],"replies":[{"embeddable":true,"href":"https:\/\/pmutreat.com\/de\/wp-json\/wp\/v2\/comments?post=2731"}],"wp:featuredmedia":[{"embeddable":true,"href":"https:\/\/pmutreat.com\/de\/wp-json\/wp\/v2\/media\/3907"}],"wp:attachment":[{"href":"https:\/\/pmutreat.com\/de\/wp-json\/wp\/v2\/media?parent=2731"}],"wp:term":[{"taxonomy":"product_brand","embeddable":true,"href":"https:\/\/pmutreat.com\/de\/wp-json\/wp\/v2\/product_brand?post=2731"},{"taxonomy":"product_cat","embeddable":true,"href":"https:\/\/pmutreat.com\/de\/wp-json\/wp\/v2\/product_cat?post=2731"},{"taxonomy":"product_tag","embeddable":true,"href":"https:\/\/pmutreat.com\/de\/wp-json\/wp\/v2\/product_tag?post=2731"}],"curies":[{"name":"wp","href":"https:\/\/api.w.org\/{rel}","templated":true}]}}